{"id":97,"date":"2022-06-06T11:39:58","date_gmt":"2022-06-06T11:39:58","guid":{"rendered":"https:\/\/artemiyshokin.com\/?page_id=97"},"modified":"2025-04-29T10:27:25","modified_gmt":"2025-04-29T10:27:25","slug":"97-2","status":"publish","type":"page","link":"https:\/\/artemiyshokin.com\/en\/97-2\/","title":{"rendered":"STREAMS. Catching Caches"},"content":{"rendered":"<h2 class=\"wp-block-heading alignfull has-text-align-left has-contrast-color has-base-background-color has-text-color has-background has-huge-font-size\"><strong>STREAMS. CATCHING CACHES<\/strong><\/h2>\n\n\n\n<div class=\"wp-block-columns alignwide are-vertically-aligned-top is-layout-flex wp-container-core-columns-is-layout-28f84493 wp-block-columns-is-layout-flex\">\n<div class=\"wp-block-column is-vertically-aligned-top is-layout-flow wp-block-column-is-layout-flow\" style=\"flex-basis:66.66%\">\n<figure class=\"wp-block-embed is-type-video is-provider-vimeo wp-block-embed-vimeo wp-embed-aspect-16-9 wp-has-aspect-ratio\"><div class=\"wp-block-embed__wrapper\">\n<iframe loading=\"lazy\" title=\"STREAMS. CATCHING CACHES - Trailer\" src=\"https:\/\/player.vimeo.com\/video\/648015952?dnt=1&amp;app_id=122963\" width=\"500\" height=\"281\" frameborder=\"0\" allow=\"autoplay; fullscreen; picture-in-picture; clipboard-write; encrypted-media\"><\/iframe>\n<\/div><\/figure>\n<\/div>\n\n\n\n<div class=\"wp-block-column is-vertically-aligned-top is-layout-flow wp-block-column-is-layout-flow\" style=\"padding-top:10px;padding-right:10px;padding-bottom:10px;padding-left:10px;flex-basis:33.33%\">\n<details class=\"wp-block-details has-small-font-size is-layout-flow wp-block-details-is-layout-flow\"><summary>Wie entsteht Wissen? Wodurch wird etwas glaubw\u00fcrdig \u2013 zu einem Beweis? Was bedeutet das f\u00fcr einen sozialen und politischen Raum? Wie werden Daten ausgewertet und welcher Stimme wird welche Form von Wahrheit zugesprochen? Expertinnen der Stenografie, Klimaforschung, Datenforensik und Astrologie finden sich in \u201eSTREAMS. Catching Caches\u201c in einem exemplarischen Spannungsfeld wieder: Sie beobachten, zeichnen auf und treffen Aussagen \u00fcber ihre Umgebung. Die Klimaforscherin Helga Kromp-Kolb, die Wissenschafts- und Technikforscherinnen Katja Mayer und Sofie Kronberger, Komplexit\u00e4tsforscherin Jana Lasser, Stenograf Gerald Amon und weitere Expertinnen, die durch unterschiedliche Strategien besonderer Aufmerksamkeit ihre Umwelt dokumentieren und aufzeichnen sowie mittels verschiedener Praxen (neue) Wahrheiten<br>generieren, sind die Kollaborateur*innen an diesem Abend. Interviews, Protokolle,<br>3D-Modelle, Wahrsagungen und Prognosen bilden das Material f\u00fcr \u201eSTREAMS\u201c.<\/summary>\n<p class=\"has-text-align-left has-quaternary-background-color has-background has-custom-lineheight\" style=\"line-height:1;font-size:12px\">Theaterst\u00fcck, 75 min<br>Premiere 18. November 2021, WERK X-Petersplatz<\/p>\n\n\n\n<p><\/p>\n\n\n\n<p style=\"line-height:1;letter-spacing:-0.3px;font-size:11px\" class=\"has-custom-lineheight has-custom-letterspacing\">Eine performative St\u00fcckentwicklung von Julia Novacek und Artemiy Shokin<br><strong>K\u00fcnstlerische Leitung, Inszenierung, Video:<\/strong> Julia Novacek<br><strong>K\u00fcnstlerische Leitung, B\u00fchne, Kost\u00fcm, 3D:<\/strong> Artemiy Shokin<strong><br>Expert*innen: <\/strong>Helga Kromp-Kolb, Sofie Kronberger, Jana Lasser, Katja Mayer, Alice Vadrot, Gerald Amon, Harald Thurnher<br><strong>Choreografie &amp; Performance:<\/strong> Clara Reiner<br><strong>Animation, Programmierung, Medientechnologie &amp; Performance:<\/strong> Eni Brandner<br><strong>Stenografie &amp; Performance:<\/strong> Monika Schmatzberger<br><strong>Musik: <\/strong>Sara Traw\u00f6ger<br><strong>Dramaturgie:<\/strong> Elena H\u00f6barth, Anna Laner<br><strong>Produktionsleitung:<\/strong> Claudia Carus, Benjamin Kornfeld<\/p>\n\n\n\n<p class=\"has-text-align-left has-quaternary-background-color has-background has-custom-lineheight\" style=\"line-height:1;font-size:12px\">Eine Produktion von Salon Situation in Kooperation mit WERK X-Petersplatz<\/p>\n\n\n\n<p><em>How does knowledge emerge? What makes something credible \u2013 proof? What does this mean for a social and political space? How is data evaluated, and which voice is attributed which form of truth? Experts in stenography, climate research, data forensics, and astrology find themselves in an exemplary field of tension in &#8222;STREAMS. Catching Caches&#8220;: They observe, record, and make statements about their environment. Climate researcher Helga Kromp-Kolb, science and technology researchers Katja Mayer and Sofie Kronberger, complexity researcher Jana Lasser, stenographer Gerald Amon, and other experts who document and record their environment through different strategies of special attention and generate (new) truths through various practices are the collaborators this evening. Interviews, protocols, 3D models, fortune-telling, and forecasts form the material for &#8222;STREAMS.&#8220;<\/em><\/p>\n<\/details>\n<\/div>\n<\/div>\n\n\n\n<figure class=\"wp-block-gallery alignwide has-nested-images columns-default is-cropped has-5-gutter has-lightbox wp-block-gallery-1 is-layout-flex wp-block-gallery-is-layout-flex\">\n<figure class=\"wp-block-image size-large\"><img loading=\"lazy\" decoding=\"async\" width=\"1024\" height=\"683\" data-id=\"123\" src=\"https:\/\/artemiyshokin.com\/wp-content\/uploads\/2022\/06\/STREAMS_WERK-X-Petersplatz-c-ApolloniaTheresaBitzan_highres_druck_2-2-1024x683.jpg\" alt=\"Image gallery image\" class=\"wp-image-123\" srcset=\"https:\/\/artemiyshokin.com\/wp-content\/uploads\/2022\/06\/STREAMS_WERK-X-Petersplatz-c-ApolloniaTheresaBitzan_highres_druck_2-2-1024x683.jpg 1024w, https:\/\/artemiyshokin.com\/wp-content\/uploads\/2022\/06\/STREAMS_WERK-X-Petersplatz-c-ApolloniaTheresaBitzan_highres_druck_2-2-300x200.jpg 300w, https:\/\/artemiyshokin.com\/wp-content\/uploads\/2022\/06\/STREAMS_WERK-X-Petersplatz-c-ApolloniaTheresaBitzan_highres_druck_2-2-768x512.jpg 768w, https:\/\/artemiyshokin.com\/wp-content\/uploads\/2022\/06\/STREAMS_WERK-X-Petersplatz-c-ApolloniaTheresaBitzan_highres_druck_2-2-1536x1024.jpg 1536w, https:\/\/artemiyshokin.com\/wp-content\/uploads\/2022\/06\/STREAMS_WERK-X-Petersplatz-c-ApolloniaTheresaBitzan_highres_druck_2-2-2048x1365.jpg 2048w\" sizes=\"auto, (max-width: 1024px) 100vw, 1024px\" \/><\/figure>\n\n\n\n<figure class=\"wp-block-image size-large\"><img loading=\"lazy\" decoding=\"async\" width=\"1024\" height=\"683\" data-id=\"125\" src=\"https:\/\/artemiyshokin.com\/wp-content\/uploads\/2022\/06\/STREAMS_WERK-X-Petersplatz-c-ApolloniaTheresaBitzan_highres_druck_5-3-1024x683.jpg\" alt=\"Image gallery image\" class=\"wp-image-125\" srcset=\"https:\/\/artemiyshokin.com\/wp-content\/uploads\/2022\/06\/STREAMS_WERK-X-Petersplatz-c-ApolloniaTheresaBitzan_highres_druck_5-3-1024x683.jpg 1024w, https:\/\/artemiyshokin.com\/wp-content\/uploads\/2022\/06\/STREAMS_WERK-X-Petersplatz-c-ApolloniaTheresaBitzan_highres_druck_5-3-300x200.jpg 300w, https:\/\/artemiyshokin.com\/wp-content\/uploads\/2022\/06\/STREAMS_WERK-X-Petersplatz-c-ApolloniaTheresaBitzan_highres_druck_5-3-768x512.jpg 768w, https:\/\/artemiyshokin.com\/wp-content\/uploads\/2022\/06\/STREAMS_WERK-X-Petersplatz-c-ApolloniaTheresaBitzan_highres_druck_5-3-1536x1024.jpg 1536w, https:\/\/artemiyshokin.com\/wp-content\/uploads\/2022\/06\/STREAMS_WERK-X-Petersplatz-c-ApolloniaTheresaBitzan_highres_druck_5-3-2048x1365.jpg 2048w\" sizes=\"auto, (max-width: 1024px) 100vw, 1024px\" \/><\/figure>\n\n\n\n<figure class=\"wp-block-image size-large\"><img loading=\"lazy\" decoding=\"async\" width=\"683\" height=\"1024\" data-id=\"126\" src=\"https:\/\/artemiyshokin.com\/wp-content\/uploads\/2022\/06\/STREAMS_WERK-X-Petersplatz-c-ApolloniaTheresaBitzan_highres_druck_6-2-683x1024.jpg\" alt=\"Image gallery image\" class=\"wp-image-126\" srcset=\"https:\/\/artemiyshokin.com\/wp-content\/uploads\/2022\/06\/STREAMS_WERK-X-Petersplatz-c-ApolloniaTheresaBitzan_highres_druck_6-2-683x1024.jpg 683w, https:\/\/artemiyshokin.com\/wp-content\/uploads\/2022\/06\/STREAMS_WERK-X-Petersplatz-c-ApolloniaTheresaBitzan_highres_druck_6-2-200x300.jpg 200w, https:\/\/artemiyshokin.com\/wp-content\/uploads\/2022\/06\/STREAMS_WERK-X-Petersplatz-c-ApolloniaTheresaBitzan_highres_druck_6-2-768x1152.jpg 768w, https:\/\/artemiyshokin.com\/wp-content\/uploads\/2022\/06\/STREAMS_WERK-X-Petersplatz-c-ApolloniaTheresaBitzan_highres_druck_6-2-1024x1536.jpg 1024w, https:\/\/artemiyshokin.com\/wp-content\/uploads\/2022\/06\/STREAMS_WERK-X-Petersplatz-c-ApolloniaTheresaBitzan_highres_druck_6-2-1365x2048.jpg 1365w, https:\/\/artemiyshokin.com\/wp-content\/uploads\/2022\/06\/STREAMS_WERK-X-Petersplatz-c-ApolloniaTheresaBitzan_highres_druck_6-2-scaled.jpg 1707w\" sizes=\"auto, (max-width: 683px) 100vw, 683px\" \/><\/figure>\n\n\n\n<figure class=\"wp-block-image size-large\"><img loading=\"lazy\" decoding=\"async\" width=\"1024\" height=\"683\" data-id=\"127\" src=\"https:\/\/artemiyshokin.com\/wp-content\/uploads\/2022\/06\/STREAMS_WERK-X-Petersplatz-c-ApolloniaTheresaBitzan_highres_druck_9-2-1024x683.jpg\" alt=\"Image gallery image\" class=\"wp-image-127\" srcset=\"https:\/\/artemiyshokin.com\/wp-content\/uploads\/2022\/06\/STREAMS_WERK-X-Petersplatz-c-ApolloniaTheresaBitzan_highres_druck_9-2-1024x683.jpg 1024w, https:\/\/artemiyshokin.com\/wp-content\/uploads\/2022\/06\/STREAMS_WERK-X-Petersplatz-c-ApolloniaTheresaBitzan_highres_druck_9-2-300x200.jpg 300w, https:\/\/artemiyshokin.com\/wp-content\/uploads\/2022\/06\/STREAMS_WERK-X-Petersplatz-c-ApolloniaTheresaBitzan_highres_druck_9-2-768x512.jpg 768w, https:\/\/artemiyshokin.com\/wp-content\/uploads\/2022\/06\/STREAMS_WERK-X-Petersplatz-c-ApolloniaTheresaBitzan_highres_druck_9-2-1536x1024.jpg 1536w, https:\/\/artemiyshokin.com\/wp-content\/uploads\/2022\/06\/STREAMS_WERK-X-Petersplatz-c-ApolloniaTheresaBitzan_highres_druck_9-2-2048x1365.jpg 2048w\" sizes=\"auto, (max-width: 1024px) 100vw, 1024px\" \/><\/figure>\n\n\n\n<figure class=\"wp-block-image size-large\"><img loading=\"lazy\" decoding=\"async\" width=\"1024\" height=\"683\" data-id=\"124\" src=\"https:\/\/artemiyshokin.com\/wp-content\/uploads\/2022\/06\/STREAMS_WERK-X-Petersplatz-c-ApolloniaTheresaBitzan_highres_druck_11-4-1024x683.jpg\" alt=\"Image gallery image\" class=\"wp-image-124\" srcset=\"https:\/\/artemiyshokin.com\/wp-content\/uploads\/2022\/06\/STREAMS_WERK-X-Petersplatz-c-ApolloniaTheresaBitzan_highres_druck_11-4-1024x683.jpg 1024w, https:\/\/artemiyshokin.com\/wp-content\/uploads\/2022\/06\/STREAMS_WERK-X-Petersplatz-c-ApolloniaTheresaBitzan_highres_druck_11-4-300x200.jpg 300w, https:\/\/artemiyshokin.com\/wp-content\/uploads\/2022\/06\/STREAMS_WERK-X-Petersplatz-c-ApolloniaTheresaBitzan_highres_druck_11-4-768x512.jpg 768w, https:\/\/artemiyshokin.com\/wp-content\/uploads\/2022\/06\/STREAMS_WERK-X-Petersplatz-c-ApolloniaTheresaBitzan_highres_druck_11-4-1536x1024.jpg 1536w, https:\/\/artemiyshokin.com\/wp-content\/uploads\/2022\/06\/STREAMS_WERK-X-Petersplatz-c-ApolloniaTheresaBitzan_highres_druck_11-4-2048x1365.jpg 2048w\" sizes=\"auto, (max-width: 1024px) 100vw, 1024px\" \/><\/figure>\n<\/figure>\n\n\n\n<figure class=\"wp-block-image aligncenter size-large is-resized\"><img loading=\"lazy\" decoding=\"async\" width=\"1024\" height=\"576\" src=\"https:\/\/artemiyshokin.com\/wp-content\/uploads\/2022\/06\/0052-1024x576.png\" alt=\"\" class=\"wp-image-139\" style=\"width:432px;height:242px\" srcset=\"https:\/\/artemiyshokin.com\/wp-content\/uploads\/2022\/06\/0052-1024x576.png 1024w, https:\/\/artemiyshokin.com\/wp-content\/uploads\/2022\/06\/0052-300x169.png 300w, https:\/\/artemiyshokin.com\/wp-content\/uploads\/2022\/06\/0052-768x432.png 768w, https:\/\/artemiyshokin.com\/wp-content\/uploads\/2022\/06\/0052-1536x864.png 1536w, https:\/\/artemiyshokin.com\/wp-content\/uploads\/2022\/06\/0052.png 1920w\" sizes=\"auto, (max-width: 1024px) 100vw, 1024px\" \/><\/figure>","protected":false},"excerpt":{"rendered":"<p>STREAMS. CATCHING CACHES<\/p>","protected":false},"author":1,"featured_media":0,"parent":0,"menu_order":2,"comment_status":"closed","ping_status":"closed","template":"","meta":{"_coblocks_attr":"","_coblocks_dimensions":"","_coblocks_responsive_height":"","_coblocks_accordion_ie_support":"","footnotes":""},"class_list":["post-97","page","type-page","status-publish","hentry"],"_links":{"self":[{"href":"https:\/\/artemiyshokin.com\/en\/wp-json\/wp\/v2\/pages\/97","targetHints":{"allow":["GET"]}}],"collection":[{"href":"https:\/\/artemiyshokin.com\/en\/wp-json\/wp\/v2\/pages"}],"about":[{"href":"https:\/\/artemiyshokin.com\/en\/wp-json\/wp\/v2\/types\/page"}],"author":[{"embeddable":true,"href":"https:\/\/artemiyshokin.com\/en\/wp-json\/wp\/v2\/users\/1"}],"replies":[{"embeddable":true,"href":"https:\/\/artemiyshokin.com\/en\/wp-json\/wp\/v2\/comments?post=97"}],"version-history":[{"count":37,"href":"https:\/\/artemiyshokin.com\/en\/wp-json\/wp\/v2\/pages\/97\/revisions"}],"predecessor-version":[{"id":885,"href":"https:\/\/artemiyshokin.com\/en\/wp-json\/wp\/v2\/pages\/97\/revisions\/885"}],"wp:attachment":[{"href":"https:\/\/artemiyshokin.com\/en\/wp-json\/wp\/v2\/media?parent=97"}],"curies":[{"name":"wp","href":"https:\/\/api.w.org\/{rel}","templated":true}]}}