{"id":632,"date":"2024-11-24T12:01:33","date_gmt":"2024-11-24T12:01:33","guid":{"rendered":"https:\/\/artemiyshokin.com\/?page_id=632"},"modified":"2025-04-29T18:18:55","modified_gmt":"2025-04-29T18:18:55","slug":"gitte-bonnie-maustetytot","status":"publish","type":"page","link":"https:\/\/artemiyshokin.com\/en\/gitte-bonnie-maustetytot\/","title":{"rendered":"Gitte, Bonnie &amp; Maustetyt\u00f6t"},"content":{"rendered":"<h2 class=\"wp-block-heading alignfull has-text-align-left has-secondary-color has-base-background-color has-text-color has-background has-link-color has-xx-large-font-size wp-elements-5622e6d4581dbe1a904ee8b04fb4bf2b\"><strong>Gitte, Bonnie &amp; Maustetyt\u00f6t<\/strong><\/h2>\n\n\n\n<div class=\"wp-block-columns alignwide is-layout-flex wp-container-core-columns-is-layout-28f84493 wp-block-columns-is-layout-flex\">\n<div class=\"wp-block-column is-layout-flow wp-block-column-is-layout-flow\" style=\"flex-basis:66.66%\">\n<div style=\"padding:56.25% 0 0 0;position:relative;\"><iframe src=\"https:\/\/player.vimeo.com\/video\/1038692966?badge=0&amp;autopause=0&amp;player_id=0&amp;app_id=58479\" frameborder=\"0\" allow=\"autoplay; fullscreen; picture-in-picture; clipboard-write; encrypted-media\" style=\"position:absolute;top:0;left:0;width:100%;height:100%;\" title=\"Trailer_Gitte, Bonnie &amp; Maustetyt\u00f6t\"><\/iframe><\/div><script src=\"https:\/\/player.vimeo.com\/api\/player.js\"><\/script>\n<\/div>\n\n\n\n<div class=\"wp-block-column is-layout-flow wp-block-column-is-layout-flow\" style=\"flex-basis:33.33%\">\n<details class=\"wp-block-details has-small-font-size is-layout-flow wp-block-details-is-layout-flow\"><summary><em>\u201cSome may say that I couldn&#8217;t sing, but no one can say that I didn&#8217;t sing.\u201d<\/em><br>Florence Foster Jenkins<br><br>Willkommen zu einem Cover-Konzertabend mit spontanem Publikums-Chor!<br>Wir sind Bewunder<em>innen, die sich zu Musiker<\/em>innen machen; Performer*innen, die ihrem musikalischen Coming-of-Age nachsp\u00fcren. Unsere Lieblingssongs er\u00f6ffnen Spektren von Biografie, Gender und Fandom. Das Ensemble rund um Caroline Creutzburg hat die Songs f\u00fcr den Abend anhand von pers\u00f6nlicher Bedeutsamkeit ausgesucht. Mit ihnen wird die Verbindung von eigener Biografie mit Popkultur und gr\u00f6\u00dferer Zeitgeschichte verhandelt. Alles beginnt mit der Lust am Singen und der Faszination, gemeinsam anzustimmen. Darauf folgt die Einladung, selbst einzusetzen und mitzusingen!<br>Ein Abend zwischen Konzert, partizipativem Karaoke-Happening, gesungenem Archiv und feministisch-kollektiver Autobiografie.<\/summary>\n<p>Performance, Urauff\u00fchrung am 6.10.2024 @ Mousonturm Frankfurt am Main<\/p>\n\n\n\n<p><\/p>\n\n\n\n<p style=\"font-size:11px\"><strong>K\u00fcnstlerische Leitung:<\/strong> Caroline Creutzburg<br><strong>Konzeption, Gesang, Performance:<\/strong> Caroline Creutzburg, Tanja Krone, Johanna Milz<br><strong>Konzeption, Instrumente, Performance:<\/strong> Jacob Bussmann (Klavier, Tasten), Seongsin Lee (Gitarre, Bass), \u0160pela Mastnak (Schlagzeug)<br><strong>Dramaturgie &amp; Chorleitung:<\/strong> Jacob Bussmann<br><strong>Ausstattung und Licht:<\/strong> Artemiy Shokin<br><strong>Klang und Verst\u00e4rkung:<\/strong> Rupert Jaud<br><strong>Live-Karaoke-Lyrics:<\/strong> Merthe Wulf<br><strong>K\u00fcnstlerische Produktionsleitung:<\/strong> Nora Schneider<br><strong>Outreach:<\/strong> Laura Palys<br><strong>Chor:<\/strong> Sabrina Butz, Inga Friedrich, Stefan Karp, Christiane Levin, Gloria Pfister, Christine Philip, Charlotte Rahn, Anja Schneidereit, Maria St\u00e4hle, Isabella Teran, Miriam Walz, Anton Winker<br><strong>Outside Eye:<\/strong> Clara Reiner, Nora Schneider<br>Fotos (c) Robert Schittko<\/p>\n\n\n\n<p class=\"has-text-color has-link-color wp-elements-0cd1ad969207636a60230387a175b899\" style=\"color:#670000\">\u201cSome may say that I couldn&#8217;t sing, but no one can say that I didn&#8217;t sing.\u201d<br>Florence Foster Jenkins<\/p>\n\n\n\n<p class=\"has-text-color has-link-color wp-elements-0855630ec319ee8ce3a8fc81d179664e\" style=\"color:#670000\">Welcome to an evening of covers with a spontaneous audience choir!<br>We are admirers who become musicians; performers who explore their musical coming-of-age. Our favorite songs explore the spectrum of biography, gender, and fandom. The ensemble around Caroline Creutzburg selected the songs for the evening based on their personal significance. They explore the connection between one&#8217;s own biography and pop culture and larger contemporary history. It all begins with the joy of singing and the fascination of joining in. This is followed by the invitation to join in and sing along!<br>An evening between a concert, a participatory karaoke happening, a sung archive, and a feminist collective autobiography.<\/p>\n<\/details>\n<\/div>\n<\/div>\n\n\n\n<figure class=\"wp-block-gallery alignwide has-nested-images columns-default is-cropped has-lightbox wp-block-gallery-1 is-layout-flex wp-block-gallery-is-layout-flex\">\n<figure class=\"wp-block-image size-large\"><img loading=\"lazy\" decoding=\"async\" width=\"1024\" height=\"688\" data-id=\"633\" src=\"https:\/\/artemiyshokin.com\/wp-content\/uploads\/2024\/11\/robert_schittko_copyright-1-1024x688.jpg\" alt=\"\" class=\"wp-image-633\" srcset=\"https:\/\/artemiyshokin.com\/wp-content\/uploads\/2024\/11\/robert_schittko_copyright-1-1024x688.jpg 1024w, https:\/\/artemiyshokin.com\/wp-content\/uploads\/2024\/11\/robert_schittko_copyright-1-300x201.jpg 300w, https:\/\/artemiyshokin.com\/wp-content\/uploads\/2024\/11\/robert_schittko_copyright-1-768x516.jpg 768w, https:\/\/artemiyshokin.com\/wp-content\/uploads\/2024\/11\/robert_schittko_copyright-1-1536x1031.jpg 1536w, https:\/\/artemiyshokin.com\/wp-content\/uploads\/2024\/11\/robert_schittko_copyright-1-2048x1375.jpg 2048w\" sizes=\"auto, (max-width: 1024px) 100vw, 1024px\" \/><\/figure>\n\n\n\n<figure class=\"wp-block-image size-large\"><img loading=\"lazy\" decoding=\"async\" width=\"693\" height=\"1024\" data-id=\"634\" src=\"https:\/\/artemiyshokin.com\/wp-content\/uploads\/2024\/11\/robert_schittko_copyright-2-693x1024.jpg\" alt=\"\" class=\"wp-image-634\" srcset=\"https:\/\/artemiyshokin.com\/wp-content\/uploads\/2024\/11\/robert_schittko_copyright-2-693x1024.jpg 693w, https:\/\/artemiyshokin.com\/wp-content\/uploads\/2024\/11\/robert_schittko_copyright-2-203x300.jpg 203w, https:\/\/artemiyshokin.com\/wp-content\/uploads\/2024\/11\/robert_schittko_copyright-2-768x1135.jpg 768w, https:\/\/artemiyshokin.com\/wp-content\/uploads\/2024\/11\/robert_schittko_copyright-2-1039x1536.jpg 1039w, https:\/\/artemiyshokin.com\/wp-content\/uploads\/2024\/11\/robert_schittko_copyright-2-1386x2048.jpg 1386w, https:\/\/artemiyshokin.com\/wp-content\/uploads\/2024\/11\/robert_schittko_copyright-2-scaled.jpg 1732w\" sizes=\"auto, (max-width: 693px) 100vw, 693px\" \/><\/figure>\n\n\n\n<figure class=\"wp-block-image size-large\"><img loading=\"lazy\" decoding=\"async\" width=\"1024\" height=\"632\" data-id=\"635\" src=\"https:\/\/artemiyshokin.com\/wp-content\/uploads\/2024\/11\/robert_schittko_copyright-4-1024x632.jpg\" alt=\"\" class=\"wp-image-635\" srcset=\"https:\/\/artemiyshokin.com\/wp-content\/uploads\/2024\/11\/robert_schittko_copyright-4-1024x632.jpg 1024w, https:\/\/artemiyshokin.com\/wp-content\/uploads\/2024\/11\/robert_schittko_copyright-4-300x185.jpg 300w, https:\/\/artemiyshokin.com\/wp-content\/uploads\/2024\/11\/robert_schittko_copyright-4-768x474.jpg 768w, https:\/\/artemiyshokin.com\/wp-content\/uploads\/2024\/11\/robert_schittko_copyright-4-1536x948.jpg 1536w, https:\/\/artemiyshokin.com\/wp-content\/uploads\/2024\/11\/robert_schittko_copyright-4-2048x1264.jpg 2048w\" sizes=\"auto, (max-width: 1024px) 100vw, 1024px\" \/><\/figure>\n\n\n\n<figure class=\"wp-block-image size-large\"><img loading=\"lazy\" decoding=\"async\" width=\"664\" height=\"1024\" data-id=\"636\" src=\"https:\/\/artemiyshokin.com\/wp-content\/uploads\/2024\/11\/robert_schittko_copyright-5-664x1024.jpg\" alt=\"\" class=\"wp-image-636\" srcset=\"https:\/\/artemiyshokin.com\/wp-content\/uploads\/2024\/11\/robert_schittko_copyright-5-664x1024.jpg 664w, https:\/\/artemiyshokin.com\/wp-content\/uploads\/2024\/11\/robert_schittko_copyright-5-195x300.jpg 195w, https:\/\/artemiyshokin.com\/wp-content\/uploads\/2024\/11\/robert_schittko_copyright-5-768x1184.jpg 768w, https:\/\/artemiyshokin.com\/wp-content\/uploads\/2024\/11\/robert_schittko_copyright-5-997x1536.jpg 997w, https:\/\/artemiyshokin.com\/wp-content\/uploads\/2024\/11\/robert_schittko_copyright-5-1329x2048.jpg 1329w, https:\/\/artemiyshokin.com\/wp-content\/uploads\/2024\/11\/robert_schittko_copyright-5-scaled.jpg 1661w\" sizes=\"auto, (max-width: 664px) 100vw, 664px\" \/><\/figure>\n\n\n\n<figure class=\"wp-block-image size-large\"><img loading=\"lazy\" decoding=\"async\" width=\"1024\" height=\"625\" data-id=\"637\" src=\"https:\/\/artemiyshokin.com\/wp-content\/uploads\/2024\/11\/Robert_Schittko_Copyright-7-1024x625.jpg\" alt=\"\" class=\"wp-image-637\" srcset=\"https:\/\/artemiyshokin.com\/wp-content\/uploads\/2024\/11\/Robert_Schittko_Copyright-7-1024x625.jpg 1024w, https:\/\/artemiyshokin.com\/wp-content\/uploads\/2024\/11\/Robert_Schittko_Copyright-7-300x183.jpg 300w, https:\/\/artemiyshokin.com\/wp-content\/uploads\/2024\/11\/Robert_Schittko_Copyright-7-768x469.jpg 768w, https:\/\/artemiyshokin.com\/wp-content\/uploads\/2024\/11\/Robert_Schittko_Copyright-7-1536x938.jpg 1536w, https:\/\/artemiyshokin.com\/wp-content\/uploads\/2024\/11\/Robert_Schittko_Copyright-7-2048x1250.jpg 2048w\" sizes=\"auto, (max-width: 1024px) 100vw, 1024px\" \/><\/figure>\n\n\n\n<figure class=\"wp-block-image size-large\"><img loading=\"lazy\" decoding=\"async\" width=\"683\" height=\"1024\" data-id=\"638\" src=\"https:\/\/artemiyshokin.com\/wp-content\/uploads\/2024\/11\/Robert_Schittko_Copyright-13-683x1024.jpg\" alt=\"\" class=\"wp-image-638\" srcset=\"https:\/\/artemiyshokin.com\/wp-content\/uploads\/2024\/11\/Robert_Schittko_Copyright-13-683x1024.jpg 683w, https:\/\/artemiyshokin.com\/wp-content\/uploads\/2024\/11\/Robert_Schittko_Copyright-13-200x300.jpg 200w, https:\/\/artemiyshokin.com\/wp-content\/uploads\/2024\/11\/Robert_Schittko_Copyright-13-768x1151.jpg 768w, https:\/\/artemiyshokin.com\/wp-content\/uploads\/2024\/11\/Robert_Schittko_Copyright-13-1025x1536.jpg 1025w, https:\/\/artemiyshokin.com\/wp-content\/uploads\/2024\/11\/Robert_Schittko_Copyright-13-1367x2048.jpg 1367w, https:\/\/artemiyshokin.com\/wp-content\/uploads\/2024\/11\/Robert_Schittko_Copyright-13-scaled.jpg 1709w\" sizes=\"auto, (max-width: 683px) 100vw, 683px\" \/><\/figure>\n\n\n\n<figure class=\"wp-block-image size-large\"><img loading=\"lazy\" decoding=\"async\" width=\"1024\" height=\"652\" data-id=\"639\" src=\"https:\/\/artemiyshokin.com\/wp-content\/uploads\/2024\/11\/Robert_Schittko_Copyright-14-1024x652.jpg\" alt=\"\" class=\"wp-image-639\" srcset=\"https:\/\/artemiyshokin.com\/wp-content\/uploads\/2024\/11\/Robert_Schittko_Copyright-14-1024x652.jpg 1024w, https:\/\/artemiyshokin.com\/wp-content\/uploads\/2024\/11\/Robert_Schittko_Copyright-14-300x191.jpg 300w, https:\/\/artemiyshokin.com\/wp-content\/uploads\/2024\/11\/Robert_Schittko_Copyright-14-768x489.jpg 768w, https:\/\/artemiyshokin.com\/wp-content\/uploads\/2024\/11\/Robert_Schittko_Copyright-14-1536x978.jpg 1536w, https:\/\/artemiyshokin.com\/wp-content\/uploads\/2024\/11\/Robert_Schittko_Copyright-14-2048x1304.jpg 2048w\" sizes=\"auto, (max-width: 1024px) 100vw, 1024px\" \/><\/figure>\n\n\n\n<figure class=\"wp-block-image size-large\"><img loading=\"lazy\" decoding=\"async\" width=\"1024\" height=\"646\" data-id=\"640\" src=\"https:\/\/artemiyshokin.com\/wp-content\/uploads\/2024\/11\/Robert_Schittko_Copyright-15-1024x646.jpg\" alt=\"\" class=\"wp-image-640\" srcset=\"https:\/\/artemiyshokin.com\/wp-content\/uploads\/2024\/11\/Robert_Schittko_Copyright-15-1024x646.jpg 1024w, https:\/\/artemiyshokin.com\/wp-content\/uploads\/2024\/11\/Robert_Schittko_Copyright-15-300x189.jpg 300w, https:\/\/artemiyshokin.com\/wp-content\/uploads\/2024\/11\/Robert_Schittko_Copyright-15-768x484.jpg 768w, https:\/\/artemiyshokin.com\/wp-content\/uploads\/2024\/11\/Robert_Schittko_Copyright-15-1536x969.jpg 1536w, https:\/\/artemiyshokin.com\/wp-content\/uploads\/2024\/11\/Robert_Schittko_Copyright-15-2048x1291.jpg 2048w\" sizes=\"auto, (max-width: 1024px) 100vw, 1024px\" \/><\/figure>\n\n\n\n<figure class=\"wp-block-image size-large\"><img loading=\"lazy\" decoding=\"async\" width=\"1024\" height=\"664\" data-id=\"641\" src=\"https:\/\/artemiyshokin.com\/wp-content\/uploads\/2024\/11\/Robert_Schittko_Copyright-17-1024x664.jpg\" alt=\"\" class=\"wp-image-641\" srcset=\"https:\/\/artemiyshokin.com\/wp-content\/uploads\/2024\/11\/Robert_Schittko_Copyright-17-1024x664.jpg 1024w, https:\/\/artemiyshokin.com\/wp-content\/uploads\/2024\/11\/Robert_Schittko_Copyright-17-300x194.jpg 300w, https:\/\/artemiyshokin.com\/wp-content\/uploads\/2024\/11\/Robert_Schittko_Copyright-17-768x498.jpg 768w, https:\/\/artemiyshokin.com\/wp-content\/uploads\/2024\/11\/Robert_Schittko_Copyright-17-1536x996.jpg 1536w, https:\/\/artemiyshokin.com\/wp-content\/uploads\/2024\/11\/Robert_Schittko_Copyright-17-2048x1328.jpg 2048w\" sizes=\"auto, (max-width: 1024px) 100vw, 1024px\" \/><\/figure>\n\n\n\n<figure class=\"wp-block-image size-large\"><img loading=\"lazy\" decoding=\"async\" width=\"1024\" height=\"663\" data-id=\"643\" src=\"https:\/\/artemiyshokin.com\/wp-content\/uploads\/2024\/11\/Robert_Schittko_Copyright-22-1024x663.jpg\" alt=\"\" class=\"wp-image-643\" srcset=\"https:\/\/artemiyshokin.com\/wp-content\/uploads\/2024\/11\/Robert_Schittko_Copyright-22-1024x663.jpg 1024w, https:\/\/artemiyshokin.com\/wp-content\/uploads\/2024\/11\/Robert_Schittko_Copyright-22-300x194.jpg 300w, https:\/\/artemiyshokin.com\/wp-content\/uploads\/2024\/11\/Robert_Schittko_Copyright-22-768x497.jpg 768w, https:\/\/artemiyshokin.com\/wp-content\/uploads\/2024\/11\/Robert_Schittko_Copyright-22-1536x994.jpg 1536w, https:\/\/artemiyshokin.com\/wp-content\/uploads\/2024\/11\/Robert_Schittko_Copyright-22-2048x1325.jpg 2048w\" sizes=\"auto, (max-width: 1024px) 100vw, 1024px\" \/><\/figure>\n\n\n\n<figure class=\"wp-block-image size-large\"><img loading=\"lazy\" decoding=\"async\" width=\"1024\" height=\"683\" data-id=\"645\" src=\"https:\/\/artemiyshokin.com\/wp-content\/uploads\/2024\/11\/Robert_Schittko_Copyright-28-1024x683.jpg\" alt=\"\" class=\"wp-image-645\" srcset=\"https:\/\/artemiyshokin.com\/wp-content\/uploads\/2024\/11\/Robert_Schittko_Copyright-28-1024x683.jpg 1024w, https:\/\/artemiyshokin.com\/wp-content\/uploads\/2024\/11\/Robert_Schittko_Copyright-28-300x200.jpg 300w, https:\/\/artemiyshokin.com\/wp-content\/uploads\/2024\/11\/Robert_Schittko_Copyright-28-768x512.jpg 768w, https:\/\/artemiyshokin.com\/wp-content\/uploads\/2024\/11\/Robert_Schittko_Copyright-28-1536x1025.jpg 1536w, https:\/\/artemiyshokin.com\/wp-content\/uploads\/2024\/11\/Robert_Schittko_Copyright-28-2048x1366.jpg 2048w\" sizes=\"auto, (max-width: 1024px) 100vw, 1024px\" \/><\/figure>\n\n\n\n<figure class=\"wp-block-image size-large\"><img loading=\"lazy\" decoding=\"async\" width=\"1024\" height=\"607\" data-id=\"647\" src=\"https:\/\/artemiyshokin.com\/wp-content\/uploads\/2024\/11\/Robert_Schittko_Copyright-30-1024x607.jpg\" alt=\"\" class=\"wp-image-647\" srcset=\"https:\/\/artemiyshokin.com\/wp-content\/uploads\/2024\/11\/Robert_Schittko_Copyright-30-1024x607.jpg 1024w, https:\/\/artemiyshokin.com\/wp-content\/uploads\/2024\/11\/Robert_Schittko_Copyright-30-300x178.jpg 300w, https:\/\/artemiyshokin.com\/wp-content\/uploads\/2024\/11\/Robert_Schittko_Copyright-30-768x455.jpg 768w, https:\/\/artemiyshokin.com\/wp-content\/uploads\/2024\/11\/Robert_Schittko_Copyright-30-1536x910.jpg 1536w, https:\/\/artemiyshokin.com\/wp-content\/uploads\/2024\/11\/Robert_Schittko_Copyright-30-2048x1213.jpg 2048w\" sizes=\"auto, (max-width: 1024px) 100vw, 1024px\" \/><\/figure>\n\n\n\n<figure class=\"wp-block-image size-large\"><img loading=\"lazy\" decoding=\"async\" width=\"1024\" height=\"628\" data-id=\"649\" src=\"https:\/\/artemiyshokin.com\/wp-content\/uploads\/2024\/11\/Robert_Schittko_Copyright-32-1024x628.jpg\" alt=\"\" class=\"wp-image-649\" srcset=\"https:\/\/artemiyshokin.com\/wp-content\/uploads\/2024\/11\/Robert_Schittko_Copyright-32-1024x628.jpg 1024w, https:\/\/artemiyshokin.com\/wp-content\/uploads\/2024\/11\/Robert_Schittko_Copyright-32-300x184.jpg 300w, https:\/\/artemiyshokin.com\/wp-content\/uploads\/2024\/11\/Robert_Schittko_Copyright-32-768x471.jpg 768w, https:\/\/artemiyshokin.com\/wp-content\/uploads\/2024\/11\/Robert_Schittko_Copyright-32-1536x943.jpg 1536w, https:\/\/artemiyshokin.com\/wp-content\/uploads\/2024\/11\/Robert_Schittko_Copyright-32-2048x1257.jpg 2048w\" sizes=\"auto, (max-width: 1024px) 100vw, 1024px\" \/><\/figure>\n\n\n\n<figure class=\"wp-block-image size-large\"><img loading=\"lazy\" decoding=\"async\" width=\"684\" height=\"1024\" data-id=\"651\" src=\"https:\/\/artemiyshokin.com\/wp-content\/uploads\/2024\/11\/Robert_Schittko_Copyright-38-684x1024.jpg\" alt=\"\" class=\"wp-image-651\" srcset=\"https:\/\/artemiyshokin.com\/wp-content\/uploads\/2024\/11\/Robert_Schittko_Copyright-38-684x1024.jpg 684w, https:\/\/artemiyshokin.com\/wp-content\/uploads\/2024\/11\/Robert_Schittko_Copyright-38-200x300.jpg 200w, https:\/\/artemiyshokin.com\/wp-content\/uploads\/2024\/11\/Robert_Schittko_Copyright-38-768x1150.jpg 768w, https:\/\/artemiyshokin.com\/wp-content\/uploads\/2024\/11\/Robert_Schittko_Copyright-38-1026x1536.jpg 1026w, https:\/\/artemiyshokin.com\/wp-content\/uploads\/2024\/11\/Robert_Schittko_Copyright-38-1368x2048.jpg 1368w, https:\/\/artemiyshokin.com\/wp-content\/uploads\/2024\/11\/Robert_Schittko_Copyright-38-scaled.jpg 1710w\" sizes=\"auto, (max-width: 684px) 100vw, 684px\" \/><\/figure>\n<\/figure>\n\n\n\n<p><\/p>\n\n\n\n<p><\/p>","protected":false},"excerpt":{"rendered":"<p>Gitte, Bonnie &amp; Maustetyt\u00f6t<\/p>","protected":false},"author":1,"featured_media":0,"parent":0,"menu_order":0,"comment_status":"closed","ping_status":"closed","template":"","meta":{"_coblocks_attr":"","_coblocks_dimensions":"","_coblocks_responsive_height":"","_coblocks_accordion_ie_support":"","footnotes":""},"class_list":["post-632","page","type-page","status-publish","hentry"],"_links":{"self":[{"href":"https:\/\/artemiyshokin.com\/en\/wp-json\/wp\/v2\/pages\/632","targetHints":{"allow":["GET"]}}],"collection":[{"href":"https:\/\/artemiyshokin.com\/en\/wp-json\/wp\/v2\/pages"}],"about":[{"href":"https:\/\/artemiyshokin.com\/en\/wp-json\/wp\/v2\/types\/page"}],"author":[{"embeddable":true,"href":"https:\/\/artemiyshokin.com\/en\/wp-json\/wp\/v2\/users\/1"}],"replies":[{"embeddable":true,"href":"https:\/\/artemiyshokin.com\/en\/wp-json\/wp\/v2\/comments?post=632"}],"version-history":[{"count":18,"href":"https:\/\/artemiyshokin.com\/en\/wp-json\/wp\/v2\/pages\/632\/revisions"}],"predecessor-version":[{"id":947,"href":"https:\/\/artemiyshokin.com\/en\/wp-json\/wp\/v2\/pages\/632\/revisions\/947"}],"wp:attachment":[{"href":"https:\/\/artemiyshokin.com\/en\/wp-json\/wp\/v2\/media?parent=632"}],"curies":[{"name":"wp","href":"https:\/\/api.w.org\/{rel}","templated":true}]}}