{"id":468,"date":"2023-04-16T08:50:39","date_gmt":"2023-04-16T08:50:39","guid":{"rendered":"https:\/\/artemiyshokin.com\/?page_id=468"},"modified":"2025-04-29T18:18:15","modified_gmt":"2025-04-29T18:18:15","slug":"468-2","status":"publish","type":"page","link":"https:\/\/artemiyshokin.com\/en\/468-2\/","title":{"rendered":"FUTURE GROUNDS"},"content":{"rendered":"<h2 class=\"wp-block-heading alignfull is-style-default has-contrast-color has-base-background-color has-text-color has-background has-xx-large-font-size\"><strong>FUTURE GROUNDS. Songs for<\/strong><br><strong>the Feeling of Knowing<\/strong><\/h2>\n\n\n\n<div class=\"wp-block-columns alignwide are-vertically-aligned-top is-layout-flex wp-container-core-columns-is-layout-28f84493 wp-block-columns-is-layout-flex\">\n<div class=\"wp-block-column is-vertically-aligned-top is-layout-flow wp-block-column-is-layout-flow\" style=\"flex-basis:66.66%\">\n<figure class=\"wp-block-embed is-type-video is-provider-vimeo wp-block-embed-vimeo wp-embed-aspect-16-9 wp-has-aspect-ratio\"><div class=\"wp-block-embed__wrapper\">\n<iframe loading=\"lazy\" title=\"Trailer FUTURE GROUNDS. Songs for the Feeling of Knowing.\" src=\"https:\/\/player.vimeo.com\/video\/838924255?dnt=1&amp;app_id=122963\" width=\"500\" height=\"281\" frameborder=\"0\" allow=\"autoplay; fullscreen; picture-in-picture; clipboard-write; encrypted-media\"><\/iframe>\n<\/div><\/figure>\n\n\n\n<figure class=\"wp-block-image size-full\"><img loading=\"lazy\" decoding=\"async\" width=\"640\" height=\"360\" src=\"https:\/\/artemiyshokin.com\/wp-content\/uploads\/2023\/04\/drehendeanimation-seilerei.gif\" alt=\"\" class=\"wp-image-501\"\/><\/figure>\n<\/div>\n\n\n\n<div class=\"wp-block-column is-vertically-aligned-top is-layout-flow wp-block-column-is-layout-flow\" style=\"padding-top:10px;padding-right:10px;padding-bottom:10px;padding-left:10px;flex-basis:33.33%\">\n<details class=\"wp-block-details has-small-font-size is-layout-flow wp-block-details-is-layout-flow\"><summary><strong>Future&nbsp;Grounds.&nbsp;<\/strong>l\u00e4dt in einen Kosmos von Vorhersagen und Prognosen ein und nimmt verschiedene Forecast-Systeme unter eine klanglich-performative Lupe.&nbsp;<br>Wie entstehen Vorhersagen? Wie beeinflussen sie unsere Gegenwart, unser Handeln und die Vorstellungen von Zukunft? Welche Rolle spielen Imagination, Interpretation, Vorurteile und k\u00fcnstliche Intelligenz in der Entstehung von Vorhersagen?&nbsp;<br>Julia Novacek entwickelt mit ihrem Team einen dokumentarisch-musikalischen Abend, in dem Musik, KI Systeme und Dokumentarfilm in einer orchestralen Anordnung zusammenfinden.&nbsp;Der Komponist und Performer&nbsp;Elischa Kaminer&nbsp;schreibt Musik f\u00fcr elektronische und akustische Instrumente, Stimme und K\u00fcnstliche Intelligenzen. Er l\u00e4sst Klangr\u00e4ume entstehen, die Zukunftsprognosen vertonen und Noise erzeugen.&nbsp;Live und digital kommen Expert:innen verschiedener Arbeitsfelder, u.a. aus der Atmosph\u00e4renwissenschaft, des Investmentbankings, der Entwicklungspsychologie und der Hellseherei zu Wort, die aufzeigen, welche Rolle Vorhersagen in ihren jeweiligen Feldern spielen.&nbsp;<\/summary>\n<p>Musikperformance, 90 min<br>Premiere 30. M\u00e4rz 2023, Netzwerk Seilerei, Frankfurt am Main<\/p>\n\n\n\n<p><br><strong>K\u00fcnstlerische Leitung, Inszenierung, Video:<\/strong> Julia Novacek<br><strong>Musikalische Leitung, Komposition und Performance: <\/strong>Elischa Kaminer<br><strong>Dramaturgie: <\/strong>Lina Sch\u00f6nebeck<br><strong>B\u00fchne, Kost\u00fcm, 3D:<\/strong> Artemiy Shokin<br><strong>Medienkunst, Animation, Motion Capture Programming und Performance:<\/strong> Eni Brandner<br><strong>Perkussion und Performance: <\/strong>Angela Wai-Nok Hui<br><strong>Gesang und Performance:<\/strong> Sophie Wenzel <br><strong>Mit:<\/strong> Angela Gr\u00f6tsch (Hellseherin), Anna Possner (Atmosph\u00e4renwissenschaftlerin), G\u00f6zem Turan (Entwicklungspsychologin) u.a. <br><strong>Produktionsleitung:<\/strong> Verena Strasser <br><strong>Presse- und \u00d6ffentlichkeitsarbeit:<\/strong> Julia Koch<\/p>\n\n\n\n<p class=\"has-text-color has-link-color wp-elements-574139e76de18abeac7641c0eb73a76b\" style=\"color:#780000\"><em>Future Grounds invites you into a cosmos of predictions and prognoses and examines various forecasting systems under a sonic and performative microscope. How do predictions arise? How do they influence our present, our actions, and our ideas about the future? What role do imagination, interpretation, prejudice, and artificial intelligence play in the creation of predictions? Julia Novacek and her team are developing a documentary-musical evening in which music, AI systems, and documentary film come together in an orchestral arrangement. Composer and performer Elischa Kaminer writes music for electronic and acoustic instruments, voice, and artificial intelligence. He creates sound spaces that set future predictions to music and generate noise. Experts from various fields, including atmospheric science, investment banking, developmental psychology, and clairvoyance, will speak live and digitally, demonstrating the role predictions play in their respective fields.<\/em><\/p>\n<\/details>\n\n\n\n<p class=\"has-quaternary-background-color has-background has-custom-lineheight\" style=\"line-height:1;font-size:12px\"><\/p>\n\n\n\n<p><\/p>\n\n\n\n<p><\/p>\n\n\n\n<div class=\"wp-block-group is-vertical is-layout-flex wp-container-core-group-is-layout-fe9cc265 wp-block-group-is-layout-flex\">\n<p class=\"has-text-align-left has-custom-lineheight has-custom-letterspacing\" style=\"line-height:1;letter-spacing:-0.1px;font-size:11px\"><\/p>\n\n\n\n<p style=\"font-size:10px\"><\/p>\n<\/div>\n\n\n\n<p><\/p>\n<\/div>\n<\/div>\n\n\n\n<figure class=\"wp-block-gallery alignwide has-nested-images columns-default is-cropped has-5-gutter has-lightbox wp-block-gallery-1 is-layout-flex wp-block-gallery-is-layout-flex\">\n<figure class=\"wp-block-image size-large\"><img loading=\"lazy\" decoding=\"async\" width=\"683\" height=\"1024\" data-id=\"476\" src=\"https:\/\/artemiyshokin.com\/wp-content\/uploads\/2023\/04\/6-683x1024.jpg\" alt=\"Image gallery image\" class=\"wp-image-476\" srcset=\"https:\/\/artemiyshokin.com\/wp-content\/uploads\/2023\/04\/6-683x1024.jpg 683w, https:\/\/artemiyshokin.com\/wp-content\/uploads\/2023\/04\/6-200x300.jpg 200w, https:\/\/artemiyshokin.com\/wp-content\/uploads\/2023\/04\/6-768x1152.jpg 768w, https:\/\/artemiyshokin.com\/wp-content\/uploads\/2023\/04\/6-1024x1536.jpg 1024w, https:\/\/artemiyshokin.com\/wp-content\/uploads\/2023\/04\/6.jpg 1067w\" sizes=\"auto, (max-width: 683px) 100vw, 683px\" \/><\/figure>\n\n\n\n<figure class=\"wp-block-image size-large\"><img loading=\"lazy\" decoding=\"async\" width=\"1024\" height=\"683\" data-id=\"480\" src=\"https:\/\/artemiyshokin.com\/wp-content\/uploads\/2023\/04\/FUTURE_GROUNDS_P__0001-1024x683.jpg\" alt=\"Image gallery image\" class=\"wp-image-480\" srcset=\"https:\/\/artemiyshokin.com\/wp-content\/uploads\/2023\/04\/FUTURE_GROUNDS_P__0001-1024x683.jpg 1024w, https:\/\/artemiyshokin.com\/wp-content\/uploads\/2023\/04\/FUTURE_GROUNDS_P__0001-300x200.jpg 300w, https:\/\/artemiyshokin.com\/wp-content\/uploads\/2023\/04\/FUTURE_GROUNDS_P__0001-768x512.jpg 768w, https:\/\/artemiyshokin.com\/wp-content\/uploads\/2023\/04\/FUTURE_GROUNDS_P__0001-1536x1024.jpg 1536w, https:\/\/artemiyshokin.com\/wp-content\/uploads\/2023\/04\/FUTURE_GROUNDS_P__0001-2048x1366.jpg 2048w\" sizes=\"auto, (max-width: 1024px) 100vw, 1024px\" \/><\/figure>\n\n\n\n<figure class=\"wp-block-image size-large\"><img loading=\"lazy\" decoding=\"async\" width=\"1024\" height=\"683\" data-id=\"472\" src=\"https:\/\/artemiyshokin.com\/wp-content\/uploads\/2023\/04\/2-1024x683.jpg\" alt=\"Image gallery image\" class=\"wp-image-472\" srcset=\"https:\/\/artemiyshokin.com\/wp-content\/uploads\/2023\/04\/2-1024x683.jpg 1024w, https:\/\/artemiyshokin.com\/wp-content\/uploads\/2023\/04\/2-300x200.jpg 300w, https:\/\/artemiyshokin.com\/wp-content\/uploads\/2023\/04\/2-768x512.jpg 768w, https:\/\/artemiyshokin.com\/wp-content\/uploads\/2023\/04\/2-1536x1024.jpg 1536w, https:\/\/artemiyshokin.com\/wp-content\/uploads\/2023\/04\/2.jpg 1600w\" sizes=\"auto, (max-width: 1024px) 100vw, 1024px\" \/><\/figure>\n\n\n\n<figure class=\"wp-block-image size-large\"><img loading=\"lazy\" decoding=\"async\" width=\"1024\" height=\"683\" data-id=\"475\" src=\"https:\/\/artemiyshokin.com\/wp-content\/uploads\/2023\/04\/5-1024x683.jpg\" alt=\"\" class=\"wp-image-475\" srcset=\"https:\/\/artemiyshokin.com\/wp-content\/uploads\/2023\/04\/5-1024x683.jpg 1024w, https:\/\/artemiyshokin.com\/wp-content\/uploads\/2023\/04\/5-300x200.jpg 300w, https:\/\/artemiyshokin.com\/wp-content\/uploads\/2023\/04\/5-768x512.jpg 768w, https:\/\/artemiyshokin.com\/wp-content\/uploads\/2023\/04\/5-1536x1024.jpg 1536w, https:\/\/artemiyshokin.com\/wp-content\/uploads\/2023\/04\/5.jpg 1600w\" sizes=\"auto, (max-width: 1024px) 100vw, 1024px\" \/><\/figure>\n\n\n\n<figure class=\"wp-block-image size-large\"><img loading=\"lazy\" decoding=\"async\" width=\"683\" height=\"1024\" data-id=\"482\" src=\"https:\/\/artemiyshokin.com\/wp-content\/uploads\/2023\/04\/FUTURE_GROUNDS_P__0219-683x1024.jpg\" alt=\"\" class=\"wp-image-482\" srcset=\"https:\/\/artemiyshokin.com\/wp-content\/uploads\/2023\/04\/FUTURE_GROUNDS_P__0219-683x1024.jpg 683w, https:\/\/artemiyshokin.com\/wp-content\/uploads\/2023\/04\/FUTURE_GROUNDS_P__0219-200x300.jpg 200w, https:\/\/artemiyshokin.com\/wp-content\/uploads\/2023\/04\/FUTURE_GROUNDS_P__0219-768x1152.jpg 768w, https:\/\/artemiyshokin.com\/wp-content\/uploads\/2023\/04\/FUTURE_GROUNDS_P__0219-1024x1536.jpg 1024w, https:\/\/artemiyshokin.com\/wp-content\/uploads\/2023\/04\/FUTURE_GROUNDS_P__0219-1366x2048.jpg 1366w, https:\/\/artemiyshokin.com\/wp-content\/uploads\/2023\/04\/FUTURE_GROUNDS_P__0219.jpg 1654w\" sizes=\"auto, (max-width: 683px) 100vw, 683px\" \/><\/figure>\n\n\n\n<figure class=\"wp-block-image size-large\"><img loading=\"lazy\" decoding=\"async\" width=\"1024\" height=\"683\" data-id=\"478\" src=\"https:\/\/artemiyshokin.com\/wp-content\/uploads\/2023\/04\/8-1024x683.jpg\" alt=\"\" class=\"wp-image-478\" srcset=\"https:\/\/artemiyshokin.com\/wp-content\/uploads\/2023\/04\/8-1024x683.jpg 1024w, https:\/\/artemiyshokin.com\/wp-content\/uploads\/2023\/04\/8-300x200.jpg 300w, https:\/\/artemiyshokin.com\/wp-content\/uploads\/2023\/04\/8-768x512.jpg 768w, https:\/\/artemiyshokin.com\/wp-content\/uploads\/2023\/04\/8-1536x1024.jpg 1536w, https:\/\/artemiyshokin.com\/wp-content\/uploads\/2023\/04\/8.jpg 1600w\" sizes=\"auto, (max-width: 1024px) 100vw, 1024px\" \/><\/figure>\n\n\n\n<figure class=\"wp-block-image size-large\"><img loading=\"lazy\" decoding=\"async\" width=\"1024\" height=\"683\" data-id=\"483\" src=\"https:\/\/artemiyshokin.com\/wp-content\/uploads\/2023\/04\/FUTURE_GROUNDS_P__0273-1024x683.jpg\" alt=\"Image gallery image\" class=\"wp-image-483\" srcset=\"https:\/\/artemiyshokin.com\/wp-content\/uploads\/2023\/04\/FUTURE_GROUNDS_P__0273-1024x683.jpg 1024w, https:\/\/artemiyshokin.com\/wp-content\/uploads\/2023\/04\/FUTURE_GROUNDS_P__0273-300x200.jpg 300w, https:\/\/artemiyshokin.com\/wp-content\/uploads\/2023\/04\/FUTURE_GROUNDS_P__0273-768x512.jpg 768w, https:\/\/artemiyshokin.com\/wp-content\/uploads\/2023\/04\/FUTURE_GROUNDS_P__0273-1536x1024.jpg 1536w, https:\/\/artemiyshokin.com\/wp-content\/uploads\/2023\/04\/FUTURE_GROUNDS_P__0273-2048x1366.jpg 2048w\" sizes=\"auto, (max-width: 1024px) 100vw, 1024px\" \/><\/figure>\n\n\n\n<figure class=\"wp-block-image size-large\"><img loading=\"lazy\" decoding=\"async\" width=\"683\" height=\"1024\" data-id=\"479\" src=\"https:\/\/artemiyshokin.com\/wp-content\/uploads\/2023\/04\/9-683x1024.jpg\" alt=\"\" class=\"wp-image-479\" srcset=\"https:\/\/artemiyshokin.com\/wp-content\/uploads\/2023\/04\/9-683x1024.jpg 683w, https:\/\/artemiyshokin.com\/wp-content\/uploads\/2023\/04\/9-200x300.jpg 200w, https:\/\/artemiyshokin.com\/wp-content\/uploads\/2023\/04\/9-768x1152.jpg 768w, https:\/\/artemiyshokin.com\/wp-content\/uploads\/2023\/04\/9-1024x1536.jpg 1024w, https:\/\/artemiyshokin.com\/wp-content\/uploads\/2023\/04\/9.jpg 1067w\" sizes=\"auto, (max-width: 683px) 100vw, 683px\" \/><\/figure>\n\n\n\n<figure class=\"wp-block-image size-large\"><img loading=\"lazy\" decoding=\"async\" width=\"683\" height=\"1024\" data-id=\"492\" src=\"https:\/\/artemiyshokin.com\/wp-content\/uploads\/2023\/04\/10-683x1024.jpg\" alt=\"Image gallery image\" class=\"wp-image-492\" srcset=\"https:\/\/artemiyshokin.com\/wp-content\/uploads\/2023\/04\/10-683x1024.jpg 683w, https:\/\/artemiyshokin.com\/wp-content\/uploads\/2023\/04\/10-200x300.jpg 200w, https:\/\/artemiyshokin.com\/wp-content\/uploads\/2023\/04\/10-768x1152.jpg 768w, https:\/\/artemiyshokin.com\/wp-content\/uploads\/2023\/04\/10-1024x1536.jpg 1024w, https:\/\/artemiyshokin.com\/wp-content\/uploads\/2023\/04\/10.jpg 1067w\" sizes=\"auto, (max-width: 683px) 100vw, 683px\" \/><\/figure>\n<\/figure>\n\n\n\n<figure class=\"wp-block-image aligncenter size-large\"><img loading=\"lazy\" decoding=\"async\" width=\"723\" height=\"1024\" src=\"https:\/\/artemiyshokin.com\/wp-content\/uploads\/2023\/04\/instaplakat-723x1024.png\" alt=\"\" class=\"wp-image-486\" srcset=\"https:\/\/artemiyshokin.com\/wp-content\/uploads\/2023\/04\/instaplakat-723x1024.png 723w, https:\/\/artemiyshokin.com\/wp-content\/uploads\/2023\/04\/instaplakat-212x300.png 212w, https:\/\/artemiyshokin.com\/wp-content\/uploads\/2023\/04\/instaplakat-768x1087.png 768w, https:\/\/artemiyshokin.com\/wp-content\/uploads\/2023\/04\/instaplakat-1085x1536.png 1085w, https:\/\/artemiyshokin.com\/wp-content\/uploads\/2023\/04\/instaplakat.png 1403w\" sizes=\"auto, (max-width: 723px) 100vw, 723px\" \/><\/figure>\n\n\n\n<p class=\"has-small-font-size\">Fotos (c) J\u00f6rg Baumann<\/p>\n\n\n\n<p><\/p>","protected":false},"excerpt":{"rendered":"<p>FUTURE GROUNDS. Songs forthe Feeling of Knowing Fotos (c) J\u00f6rg Baumann<\/p>","protected":false},"author":1,"featured_media":0,"parent":0,"menu_order":0,"comment_status":"closed","ping_status":"closed","template":"","meta":{"_coblocks_attr":"","_coblocks_dimensions":"","_coblocks_responsive_height":"","_coblocks_accordion_ie_support":"","footnotes":""},"class_list":["post-468","page","type-page","status-publish","hentry"],"_links":{"self":[{"href":"https:\/\/artemiyshokin.com\/en\/wp-json\/wp\/v2\/pages\/468","targetHints":{"allow":["GET"]}}],"collection":[{"href":"https:\/\/artemiyshokin.com\/en\/wp-json\/wp\/v2\/pages"}],"about":[{"href":"https:\/\/artemiyshokin.com\/en\/wp-json\/wp\/v2\/types\/page"}],"author":[{"embeddable":true,"href":"https:\/\/artemiyshokin.com\/en\/wp-json\/wp\/v2\/users\/1"}],"replies":[{"embeddable":true,"href":"https:\/\/artemiyshokin.com\/en\/wp-json\/wp\/v2\/comments?post=468"}],"version-history":[{"count":27,"href":"https:\/\/artemiyshokin.com\/en\/wp-json\/wp\/v2\/pages\/468\/revisions"}],"predecessor-version":[{"id":945,"href":"https:\/\/artemiyshokin.com\/en\/wp-json\/wp\/v2\/pages\/468\/revisions\/945"}],"wp:attachment":[{"href":"https:\/\/artemiyshokin.com\/en\/wp-json\/wp\/v2\/media?parent=468"}],"curies":[{"name":"wp","href":"https:\/\/api.w.org\/{rel}","templated":true}]}}