{"id":422,"date":"2022-06-13T20:19:50","date_gmt":"2022-06-13T20:19:50","guid":{"rendered":"https:\/\/artemiyshokin.com\/?page_id=422"},"modified":"2025-04-29T18:22:41","modified_gmt":"2025-04-29T18:22:41","slug":"kassandra","status":"publish","type":"page","link":"https:\/\/artemiyshokin.com\/en\/kassandra\/","title":{"rendered":"assandra"},"content":{"rendered":"\n<h2 class=\"wp-block-heading alignfull has-xx-large-font-size\"> <strong>KASSANDRA<\/strong><\/h2>\n\n\n\n<div class=\"wp-block-columns alignfull are-vertically-aligned-top is-layout-flex wp-container-core-columns-is-layout-28f84493 wp-block-columns-is-layout-flex\">\n<div class=\"wp-block-column is-vertically-aligned-top is-layout-flow wp-block-column-is-layout-flow\" style=\"flex-basis:66.66%\">\n<figure class=\"wp-block-image size-large\"><img loading=\"lazy\" decoding=\"async\" width=\"1024\" height=\"576\" src=\"https:\/\/artemiyshokin.com\/wp-content\/uploads\/2022\/06\/P1010544-1024x576.jpg\" alt=\"\" class=\"wp-image-424\" srcset=\"https:\/\/artemiyshokin.com\/wp-content\/uploads\/2022\/06\/P1010544-1024x576.jpg 1024w, https:\/\/artemiyshokin.com\/wp-content\/uploads\/2022\/06\/P1010544-300x169.jpg 300w, https:\/\/artemiyshokin.com\/wp-content\/uploads\/2022\/06\/P1010544-768x432.jpg 768w, https:\/\/artemiyshokin.com\/wp-content\/uploads\/2022\/06\/P1010544-1536x864.jpg 1536w, https:\/\/artemiyshokin.com\/wp-content\/uploads\/2022\/06\/P1010544-2048x1152.jpg 2048w\" sizes=\"auto, (max-width: 1024px) 100vw, 1024px\" \/><\/figure>\n<\/div>\n\n\n\n<div class=\"wp-block-column is-vertically-aligned-top is-layout-flow wp-block-column-is-layout-flow\" style=\"padding-top:10px;padding-right:10px;padding-bottom:10px;padding-left:10px;flex-basis:33.33%\">\n<details class=\"wp-block-details has-small-font-size is-layout-flow wp-block-details-is-layout-flow\"><summary>Theaterst\u00fcck, ca. 100 min<br>Premiere 01. Mai 2019, HfS Ernst Busch, Berlin<br>Regie:Friederike F\u00f6rster<br>Spiel: Lioba Biehler , Paulina Bittner, Maikel Drexler, Tobias Wollschl\u00e4ger, Anna-Sophie Fritz, Paul Hentze, Grace Lauer<br>Dramaturgie: Marleen Ilg<br>Kost\u00fcm: Sophie Peters<br>B\u00fchne und Video: Artemiy Shokin<br>Puppenbau: Paul Hentze<br>Musik: Moritz Schaller<\/summary>\n<p>Was sehen wir, wenn wir uns umschauen? Und was wollen wir nicht sehen? Was sah Kassandra als der trojanische Krieg seinen Anfang fand? kassandra. [ohn]macht des sehens. ist ein Spiel \u00fcber das Sehen, bei dem selbst professionelle Seherinnen nicht richtig hinschauen.<\/p>\n<\/details>\n\n\n\n<p class=\"has-quaternary-background-color has-background has-custom-lineheight\" style=\"line-height:1;font-size:12px\"><\/p>\n<\/div>\n<\/div>\n\n\n\n<figure class=\"wp-block-gallery alignfull has-nested-images columns-default is-cropped has-5-gutter has-lightbox wp-block-gallery-1 is-layout-flex wp-block-gallery-is-layout-flex\">\n<figure class=\"wp-block-image size-large\"><img loading=\"lazy\" decoding=\"async\" width=\"1024\" height=\"576\" data-id=\"426\" src=\"https:\/\/artemiyshokin.com\/wp-content\/uploads\/2022\/06\/P1010263-1024x576.jpg\" alt=\"Image gallery image\" class=\"wp-image-426\" srcset=\"https:\/\/artemiyshokin.com\/wp-content\/uploads\/2022\/06\/P1010263-1024x576.jpg 1024w, https:\/\/artemiyshokin.com\/wp-content\/uploads\/2022\/06\/P1010263-300x169.jpg 300w, https:\/\/artemiyshokin.com\/wp-content\/uploads\/2022\/06\/P1010263-768x432.jpg 768w, https:\/\/artemiyshokin.com\/wp-content\/uploads\/2022\/06\/P1010263-1536x864.jpg 1536w, https:\/\/artemiyshokin.com\/wp-content\/uploads\/2022\/06\/P1010263-2048x1152.jpg 2048w\" sizes=\"auto, (max-width: 1024px) 100vw, 1024px\" \/><\/figure>\n\n\n\n<figure class=\"wp-block-image size-large\"><img loading=\"lazy\" decoding=\"async\" width=\"1024\" height=\"576\" data-id=\"432\" src=\"https:\/\/artemiyshokin.com\/wp-content\/uploads\/2022\/06\/P1010291-1024x576.jpg\" alt=\"Image gallery image\" class=\"wp-image-432\" srcset=\"https:\/\/artemiyshokin.com\/wp-content\/uploads\/2022\/06\/P1010291-1024x576.jpg 1024w, https:\/\/artemiyshokin.com\/wp-content\/uploads\/2022\/06\/P1010291-300x169.jpg 300w, https:\/\/artemiyshokin.com\/wp-content\/uploads\/2022\/06\/P1010291-768x432.jpg 768w, https:\/\/artemiyshokin.com\/wp-content\/uploads\/2022\/06\/P1010291-1536x864.jpg 1536w, https:\/\/artemiyshokin.com\/wp-content\/uploads\/2022\/06\/P1010291-2048x1152.jpg 2048w\" sizes=\"auto, (max-width: 1024px) 100vw, 1024px\" \/><\/figure>\n\n\n\n<figure class=\"wp-block-image size-large\"><img loading=\"lazy\" decoding=\"async\" width=\"1024\" height=\"576\" data-id=\"428\" src=\"https:\/\/artemiyshokin.com\/wp-content\/uploads\/2022\/06\/P1010429-1024x576.jpg\" alt=\"Image gallery image\" class=\"wp-image-428\" srcset=\"https:\/\/artemiyshokin.com\/wp-content\/uploads\/2022\/06\/P1010429-1024x576.jpg 1024w, https:\/\/artemiyshokin.com\/wp-content\/uploads\/2022\/06\/P1010429-300x169.jpg 300w, https:\/\/artemiyshokin.com\/wp-content\/uploads\/2022\/06\/P1010429-768x432.jpg 768w, https:\/\/artemiyshokin.com\/wp-content\/uploads\/2022\/06\/P1010429-1536x864.jpg 1536w, https:\/\/artemiyshokin.com\/wp-content\/uploads\/2022\/06\/P1010429-2048x1152.jpg 2048w\" sizes=\"auto, (max-width: 1024px) 100vw, 1024px\" \/><\/figure>\n\n\n\n<figure class=\"wp-block-image size-large\"><img loading=\"lazy\" decoding=\"async\" width=\"1024\" height=\"576\" data-id=\"424\" src=\"https:\/\/artemiyshokin.com\/wp-content\/uploads\/2022\/06\/P1010544-1024x576.jpg\" alt=\"Image gallery image\" class=\"wp-image-424\" srcset=\"https:\/\/artemiyshokin.com\/wp-content\/uploads\/2022\/06\/P1010544-1024x576.jpg 1024w, https:\/\/artemiyshokin.com\/wp-content\/uploads\/2022\/06\/P1010544-300x169.jpg 300w, https:\/\/artemiyshokin.com\/wp-content\/uploads\/2022\/06\/P1010544-768x432.jpg 768w, https:\/\/artemiyshokin.com\/wp-content\/uploads\/2022\/06\/P1010544-1536x864.jpg 1536w, https:\/\/artemiyshokin.com\/wp-content\/uploads\/2022\/06\/P1010544-2048x1152.jpg 2048w\" sizes=\"auto, (max-width: 1024px) 100vw, 1024px\" \/><\/figure>\n\n\n\n<figure class=\"wp-block-image size-large\"><img loading=\"lazy\" decoding=\"async\" width=\"1024\" height=\"576\" data-id=\"433\" src=\"https:\/\/artemiyshokin.com\/wp-content\/uploads\/2022\/06\/P1010768-1024x576.jpg\" alt=\"Image gallery image\" class=\"wp-image-433\" srcset=\"https:\/\/artemiyshokin.com\/wp-content\/uploads\/2022\/06\/P1010768-1024x576.jpg 1024w, https:\/\/artemiyshokin.com\/wp-content\/uploads\/2022\/06\/P1010768-300x169.jpg 300w, https:\/\/artemiyshokin.com\/wp-content\/uploads\/2022\/06\/P1010768-768x432.jpg 768w, https:\/\/artemiyshokin.com\/wp-content\/uploads\/2022\/06\/P1010768-1536x864.jpg 1536w, https:\/\/artemiyshokin.com\/wp-content\/uploads\/2022\/06\/P1010768-2048x1152.jpg 2048w\" sizes=\"auto, (max-width: 1024px) 100vw, 1024px\" \/><\/figure>\n\n\n\n<figure class=\"wp-block-image size-large\"><img loading=\"lazy\" decoding=\"async\" width=\"1024\" height=\"576\" data-id=\"434\" src=\"https:\/\/artemiyshokin.com\/wp-content\/uploads\/2022\/06\/P1010102-1024x576.jpg\" alt=\"Image gallery image\" class=\"wp-image-434\" srcset=\"https:\/\/artemiyshokin.com\/wp-content\/uploads\/2022\/06\/P1010102-1024x576.jpg 1024w, https:\/\/artemiyshokin.com\/wp-content\/uploads\/2022\/06\/P1010102-300x169.jpg 300w, https:\/\/artemiyshokin.com\/wp-content\/uploads\/2022\/06\/P1010102-768x432.jpg 768w, https:\/\/artemiyshokin.com\/wp-content\/uploads\/2022\/06\/P1010102-1536x864.jpg 1536w, https:\/\/artemiyshokin.com\/wp-content\/uploads\/2022\/06\/P1010102-2048x1152.jpg 2048w\" sizes=\"auto, (max-width: 1024px) 100vw, 1024px\" \/><\/figure>\n<\/figure>\n","protected":false},"excerpt":{"rendered":"<p>KASSANDRA<\/p>","protected":false},"author":1,"featured_media":0,"parent":0,"menu_order":5,"comment_status":"closed","ping_status":"closed","template":"","meta":{"_coblocks_attr":"","_coblocks_dimensions":"","_coblocks_responsive_height":"","_coblocks_accordion_ie_support":"","footnotes":""},"class_list":["post-422","page","type-page","status-publish","hentry"],"_links":{"self":[{"href":"https:\/\/artemiyshokin.com\/en\/wp-json\/wp\/v2\/pages\/422","targetHints":{"allow":["GET"]}}],"collection":[{"href":"https:\/\/artemiyshokin.com\/en\/wp-json\/wp\/v2\/pages"}],"about":[{"href":"https:\/\/artemiyshokin.com\/en\/wp-json\/wp\/v2\/types\/page"}],"author":[{"embeddable":true,"href":"https:\/\/artemiyshokin.com\/en\/wp-json\/wp\/v2\/users\/1"}],"replies":[{"embeddable":true,"href":"https:\/\/artemiyshokin.com\/en\/wp-json\/wp\/v2\/comments?post=422"}],"version-history":[{"count":14,"href":"https:\/\/artemiyshokin.com\/en\/wp-json\/wp\/v2\/pages\/422\/revisions"}],"predecessor-version":[{"id":954,"href":"https:\/\/artemiyshokin.com\/en\/wp-json\/wp\/v2\/pages\/422\/revisions\/954"}],"wp:attachment":[{"href":"https:\/\/artemiyshokin.com\/en\/wp-json\/wp\/v2\/media?parent=422"}],"curies":[{"name":"wp","href":"https:\/\/api.w.org\/{rel}","templated":true}]}}