{"id":418,"date":"2022-06-13T20:10:10","date_gmt":"2022-06-13T20:10:10","guid":{"rendered":"https:\/\/artemiyshokin.com\/?page_id=418"},"modified":"2025-04-29T18:21:41","modified_gmt":"2025-04-29T18:21:41","slug":"418-2","status":"publish","type":"page","link":"https:\/\/artemiyshokin.com\/en\/418-2\/","title":{"rendered":"ANTIGONE"},"content":{"rendered":"<h2 class=\"wp-block-heading alignfull has-xx-large-font-size\"><strong>ANTIGONE Archiv Oper<\/strong><\/h2>\n\n\n\n<div class=\"wp-block-columns alignfull are-vertically-aligned-top is-layout-flex wp-container-core-columns-is-layout-28f84493 wp-block-columns-is-layout-flex\">\n<div class=\"wp-block-column is-vertically-aligned-top is-layout-flow wp-block-column-is-layout-flow\" style=\"flex-basis:66.66%\">\n<div style=\"padding:56.25% 0 0 0;position:relative;\"><iframe src=\"https:\/\/player.vimeo.com\/video\/381197635?badge=0&amp;autopause=0&amp;player_id=0&amp;app_id=58479\" frameborder=\"0\" allow=\"autoplay; fullscreen; picture-in-picture; clipboard-write; encrypted-media\" style=\"position:absolute;top:0;left:0;width:100%;height:100%;\" title=\"Antigone Archiv Oper\"><\/iframe><\/div><script src=\"https:\/\/player.vimeo.com\/api\/player.js\"><\/script>\n<\/div>\n\n\n\n<div class=\"wp-block-column is-vertically-aligned-top is-layout-flow wp-block-column-is-layout-flow\" style=\"padding-top:10px;padding-right:10px;padding-bottom:10px;padding-left:10px;flex-basis:33.33%\">\n<details class=\"wp-block-details has-small-font-size is-layout-flow wp-block-details-is-layout-flow\"><summary>Performative Installation , ca. 120 min<br>Premiere 06.September 2019, Schwere Reiter, M\u00fcnchen hosted by rendezvous3000 (Evamaria M\u00fcller und Anna-Sophie Lugmeier)<br>Mit Beitr\u00e4gen von Peter Paul Aufreiter, Viktoria Bayer, Stefan Cantante, Diana Barbosa Gil, Paul Ebhart, Anna-Sofie Lugmeier, Magdalena Meindl, Evamaria M\u00fcller, Julia Novacek, Leonard Prochazka, Federico Protto, Franziska Schneeberger, Artemiy Shokin, Antonia Rippel-Stefanska, Konstantin Thiesen, Angela Wiedermann<\/summary>\n<p class=\"has-small-font-size\">ANTIGONE<br>wir rufen dich an!<br>Sophokles&#8216; Antigone ist eine der meist-analysierten und -interpretierten Trag\u00f6dien \u00fcberhaupt. Aber die Galionsfigur ist ersch\u00f6pft. Antigone will durchlebt werden, nicht abgebildet. Sie ist nicht nur unser Material, sondern Modell &#8211; Blaupause einer k\u00fcnstlerischen Praxis der Selbsterm\u00e4chtigung.<br>17 K\u00fcnstlerInnen entwickeln zuerst eigenst\u00e4ndige Positionen und unterschiedliche Formate, die schlie\u00dflich miteinander in Resonanz treten: Animation, Video, Choreografie, Text, Skulptur und Musik treffen aufeinander, formen an 3 Auff\u00fchrungsabenden ein tempor\u00e4r verdichtetes Netzwerk. Dieses will unter gemeinsam getroffenen Abmachungen existieren.<br>Welche neuen R\u00e4ume er\u00f6ffnen sich uns, wenn die Repr\u00e4sentionsfigur verschwindet und jene Stellen hervortreten, welche vage zwischen den Zeilen existieren?<\/p>\n\n\n\n<p><\/p>\n<\/details>\n<\/div>\n<\/div>\n\n\n\n<figure class=\"wp-block-gallery alignwide has-nested-images columns-default is-cropped has-5-gutter has-lightbox wp-block-gallery-1 is-layout-flex wp-block-gallery-is-layout-flex\">\n<figure class=\"wp-block-image size-large\"><img loading=\"lazy\" decoding=\"async\" width=\"1024\" height=\"683\" data-id=\"377\" src=\"https:\/\/artemiyshokin.com\/wp-content\/uploads\/2022\/06\/ANTIGONE_ARCHIVOPER_07-1024x683.jpg\" alt=\"Image gallery image\" class=\"wp-image-377\" srcset=\"https:\/\/artemiyshokin.com\/wp-content\/uploads\/2022\/06\/ANTIGONE_ARCHIVOPER_07-1024x683.jpg 1024w, https:\/\/artemiyshokin.com\/wp-content\/uploads\/2022\/06\/ANTIGONE_ARCHIVOPER_07-300x200.jpg 300w, https:\/\/artemiyshokin.com\/wp-content\/uploads\/2022\/06\/ANTIGONE_ARCHIVOPER_07-768x512.jpg 768w, https:\/\/artemiyshokin.com\/wp-content\/uploads\/2022\/06\/ANTIGONE_ARCHIVOPER_07-1536x1024.jpg 1536w, https:\/\/artemiyshokin.com\/wp-content\/uploads\/2022\/06\/ANTIGONE_ARCHIVOPER_07.jpg 1800w\" sizes=\"auto, (max-width: 1024px) 100vw, 1024px\" \/><\/figure>\n\n\n\n<figure class=\"wp-block-image size-large\"><img loading=\"lazy\" decoding=\"async\" width=\"501\" height=\"727\" data-id=\"379\" src=\"https:\/\/artemiyshokin.com\/wp-content\/uploads\/2022\/06\/angel1.png\" alt=\"Image gallery image\" class=\"wp-image-379\" srcset=\"https:\/\/artemiyshokin.com\/wp-content\/uploads\/2022\/06\/angel1.png 501w, https:\/\/artemiyshokin.com\/wp-content\/uploads\/2022\/06\/angel1-207x300.png 207w\" sizes=\"auto, (max-width: 501px) 100vw, 501px\" \/><\/figure>\n\n\n\n<figure class=\"wp-block-image size-large\"><img loading=\"lazy\" decoding=\"async\" width=\"1024\" height=\"683\" data-id=\"378\" src=\"https:\/\/artemiyshokin.com\/wp-content\/uploads\/2022\/06\/ANTIGONE_ARCHIVOPER_51-1024x683.jpg\" alt=\"Image gallery image\" class=\"wp-image-378\" srcset=\"https:\/\/artemiyshokin.com\/wp-content\/uploads\/2022\/06\/ANTIGONE_ARCHIVOPER_51-1024x683.jpg 1024w, https:\/\/artemiyshokin.com\/wp-content\/uploads\/2022\/06\/ANTIGONE_ARCHIVOPER_51-300x200.jpg 300w, https:\/\/artemiyshokin.com\/wp-content\/uploads\/2022\/06\/ANTIGONE_ARCHIVOPER_51-768x512.jpg 768w, https:\/\/artemiyshokin.com\/wp-content\/uploads\/2022\/06\/ANTIGONE_ARCHIVOPER_51-1536x1024.jpg 1536w, https:\/\/artemiyshokin.com\/wp-content\/uploads\/2022\/06\/ANTIGONE_ARCHIVOPER_51.jpg 1800w\" sizes=\"auto, (max-width: 1024px) 100vw, 1024px\" \/><\/figure>\n\n\n\n<figure class=\"wp-block-image size-large\"><img loading=\"lazy\" decoding=\"async\" width=\"1024\" height=\"683\" data-id=\"376\" src=\"https:\/\/artemiyshokin.com\/wp-content\/uploads\/2022\/06\/ANTIGONE_ARCHIVOPER_57-1024x683.jpg\" alt=\"Image gallery image\" class=\"wp-image-376\" srcset=\"https:\/\/artemiyshokin.com\/wp-content\/uploads\/2022\/06\/ANTIGONE_ARCHIVOPER_57-1024x683.jpg 1024w, https:\/\/artemiyshokin.com\/wp-content\/uploads\/2022\/06\/ANTIGONE_ARCHIVOPER_57-300x200.jpg 300w, https:\/\/artemiyshokin.com\/wp-content\/uploads\/2022\/06\/ANTIGONE_ARCHIVOPER_57-768x512.jpg 768w, https:\/\/artemiyshokin.com\/wp-content\/uploads\/2022\/06\/ANTIGONE_ARCHIVOPER_57-1536x1024.jpg 1536w, https:\/\/artemiyshokin.com\/wp-content\/uploads\/2022\/06\/ANTIGONE_ARCHIVOPER_57.jpg 1800w\" sizes=\"auto, (max-width: 1024px) 100vw, 1024px\" \/><\/figure>\n<\/figure>\n\n\n\n<p><\/p>","protected":false},"excerpt":{"rendered":"<p>ANTIGONE Archiv Oper<\/p>","protected":false},"author":1,"featured_media":0,"parent":0,"menu_order":4,"comment_status":"closed","ping_status":"closed","template":"","meta":{"_coblocks_attr":"","_coblocks_dimensions":"","_coblocks_responsive_height":"","_coblocks_accordion_ie_support":"","footnotes":""},"class_list":["post-418","page","type-page","status-publish","hentry"],"_links":{"self":[{"href":"https:\/\/artemiyshokin.com\/en\/wp-json\/wp\/v2\/pages\/418","targetHints":{"allow":["GET"]}}],"collection":[{"href":"https:\/\/artemiyshokin.com\/en\/wp-json\/wp\/v2\/pages"}],"about":[{"href":"https:\/\/artemiyshokin.com\/en\/wp-json\/wp\/v2\/types\/page"}],"author":[{"embeddable":true,"href":"https:\/\/artemiyshokin.com\/en\/wp-json\/wp\/v2\/users\/1"}],"replies":[{"embeddable":true,"href":"https:\/\/artemiyshokin.com\/en\/wp-json\/wp\/v2\/comments?post=418"}],"version-history":[{"count":18,"href":"https:\/\/artemiyshokin.com\/en\/wp-json\/wp\/v2\/pages\/418\/revisions"}],"predecessor-version":[{"id":952,"href":"https:\/\/artemiyshokin.com\/en\/wp-json\/wp\/v2\/pages\/418\/revisions\/952"}],"wp:attachment":[{"href":"https:\/\/artemiyshokin.com\/en\/wp-json\/wp\/v2\/media?parent=418"}],"curies":[{"name":"wp","href":"https:\/\/api.w.org\/{rel}","templated":true}]}}