{"id":28,"date":"2022-06-06T09:56:53","date_gmt":"2022-06-06T09:56:53","guid":{"rendered":"https:\/\/artemiyshokin.com\/?page_id=28"},"modified":"2025-04-29T18:20:04","modified_gmt":"2025-04-29T18:20:04","slug":"wolga","status":"publish","type":"page","link":"https:\/\/artemiyshokin.com\/en\/wolga\/","title":{"rendered":"WOLGA"},"content":{"rendered":"<h2 class=\"wp-block-heading alignfull has-text-align-left has-xx-large-font-size\"><strong>WOLGA<\/strong><\/h2>\n\n\n\n<div class=\"wp-block-columns alignwide are-vertically-aligned-top is-layout-flex wp-container-core-columns-is-layout-28f84493 wp-block-columns-is-layout-flex\">\n<div class=\"wp-block-column is-vertically-aligned-top is-layout-flow wp-block-column-is-layout-flow\" style=\"flex-basis:66.66%\">\n<figure class=\"wp-block-embed is-type-video is-provider-vimeo wp-block-embed-vimeo wp-embed-aspect-16-9 wp-has-aspect-ratio\"><div class=\"wp-block-embed__wrapper\">\n<iframe loading=\"lazy\" title=\"WOLGA - Trailer\" src=\"https:\/\/player.vimeo.com\/video\/680925218?dnt=1&amp;app_id=122963\" width=\"500\" height=\"281\" frameborder=\"0\" allow=\"autoplay; fullscreen; picture-in-picture; clipboard-write; encrypted-media\"><\/iframe>\n<\/div><\/figure>\n<\/div>\n\n\n\n<div class=\"wp-block-column is-vertically-aligned-top is-layout-flow wp-block-column-is-layout-flow\" style=\"padding-top:10px;padding-right:10px;padding-bottom:10px;padding-left:10px;flex-basis:33.33%\">\n<details class=\"wp-block-details has-small-font-size is-layout-flow wp-block-details-is-layout-flow\"><summary>Meterhohe Comiczeichnungen im Pulp-Stil formen sich zu einem Wald, aus dem es kein Entrinnen gibt. Zwei Performerinnen ringen mit den Bildern, die sie nicht mehr loslassen, die immer da sind und kursieren, in einem und um einen herum. Im Zentrum des Ganzen: der Wolga, das Auto. Angelockt durch die st\u00e4ndig darum kreisenden Gedanken f\u00e4hrt er vor, verfolgt die Performerinnen, und sie verfolgen seine Spur in ihren K\u00f6pfen. Er wird minuti\u00f6s untersucht, mit Blut gewaschen, mit Popsongs und Kunstliedern beschworen und gehuldigt. In sozialistischen Staaten der 1960er und 70er Jahre, etwa in Polen oder Rum\u00e4nien, kursierte die Legende von der schwarzen Wolga-Limousine: Priester, Satanist*innen, Vampire sollen darin Kinder entf\u00fchrt haben, um ihr Blut an reiche Deutsche zu verkaufen. Ausgehend von diesem urbanen Mythos schafft Rohe Eier 3000 mit WOLGA ein multimediales Horrorszenario aus der grellen \u00c4sthetik von Giallo-Filmen, zweidimensionaler Comicwelt, Live-Musik von Ricaletto (u. a. Pisse) plus performativem Spiel und Gesang.<\/summary>\n<p class=\"has-small-font-size\">Theaterst\u00fcck, 80 minuten<\/p>\n\n\n\n<p style=\"line-height:1;letter-spacing:-0.3px;font-size:11px\" class=\"has-custom-lineheight has-custom-letterspacing\"><br>Premiere 26. Februar 2022, WERK X-Petersplatz<\/p>\n\n\n\n<p style=\"line-height:1;letter-spacing:-0.3px;font-size:11px\" class=\"has-custom-lineheight has-custom-letterspacing\">mit Lara Sziencak und Florian Tr\u00f6binger<\/p>\n\n\n\n<p style=\"line-height:1;letter-spacing:-0.3px;font-size:11px\" class=\"has-custom-lineheight has-custom-letterspacing\">Inszenierung: Rohe Eier 3000<br>Text: Stephan Langer<br>B\u00fchne und Kost\u00fcm: Artemiy Shokin<br>B\u00fchnenbild\/Zeichnungen: Crippa Almqvist, Ricaletto<br>Komposition\/Live-Musik: Ricaletto<br>Dramaturgie: Alba Talamo<br>Produktionsleitung: Sophie Steinbeck<\/p>\n\n\n\n<p>Eine Produktion von Rohe Eier 3000 in Kooperation mit WERK X-Petersplatz<\/p>\n\n\n\n<p class=\"has-small-font-size\"><em>Meter-high pulp-style comic drawings form a forest from which there is no escape. Two performers wrestle with the images that won&#8217;t let go of them, images that are always there and circulate, within and around them. At the center of it all: the Volga, the car. Attracted by the thoughts constantly circulating around it, it drives up, pursues the performers, and they follow its trail in their heads. It is meticulously examined, washed with blood, conjured and worshipped with pop and art songs. In socialist countries of the 1960s and 70s, such as Poland and Romania, the legend of the black Volga limousine circulated: priests, Satanists, and vampires are said to have kidnapped children in it to sell their blood to rich Germans. Based on this urban myth, Rohe Eier 3000 creates with WOLGA a multimedia horror scenario consisting of the garish aesthetics of Giallo films, a two-dimensional comic world, live music by Ricaletto (including Pisse) plus performative acting and singing.<\/em><\/p>\n<\/details>\n\n\n\n<p class=\"has-quaternary-background-color has-background has-custom-lineheight\" style=\"line-height:1;font-size:12px\"><\/p>\n\n\n\n<p><\/p>\n<\/div>\n<\/div>\n\n\n\n<figure class=\"wp-block-video\"><video controls src=\"https:\/\/artemiyshokin.com\/wp-content\/uploads\/2022\/06\/teaserwolga.mp4\"><\/video><\/figure>\n\n\n\n<figure class=\"wp-block-gallery alignwide has-nested-images columns-default is-cropped has-5-gutter has-lightbox wp-block-gallery-1 is-layout-flex wp-block-gallery-is-layout-flex\">\n<figure class=\"wp-block-image size-large\"><img loading=\"lazy\" decoding=\"async\" width=\"683\" height=\"1024\" data-id=\"159\" src=\"https:\/\/artemiyshokin.com\/wp-content\/uploads\/2022\/06\/Wolga-1398815-Alex-Gotter-5-683x1024.jpg\" alt=\"Image gallery image\" class=\"wp-image-159\" srcset=\"https:\/\/artemiyshokin.com\/wp-content\/uploads\/2022\/06\/Wolga-1398815-Alex-Gotter-5-683x1024.jpg 683w, https:\/\/artemiyshokin.com\/wp-content\/uploads\/2022\/06\/Wolga-1398815-Alex-Gotter-5-200x300.jpg 200w, https:\/\/artemiyshokin.com\/wp-content\/uploads\/2022\/06\/Wolga-1398815-Alex-Gotter-5-768x1152.jpg 768w, https:\/\/artemiyshokin.com\/wp-content\/uploads\/2022\/06\/Wolga-1398815-Alex-Gotter-5-1024x1536.jpg 1024w, https:\/\/artemiyshokin.com\/wp-content\/uploads\/2022\/06\/Wolga-1398815-Alex-Gotter-5.jpg 1365w\" sizes=\"auto, (max-width: 683px) 100vw, 683px\" \/><\/figure>\n\n\n\n<figure class=\"wp-block-image size-large\"><img loading=\"lazy\" decoding=\"async\" width=\"1024\" height=\"683\" data-id=\"156\" src=\"https:\/\/artemiyshokin.com\/wp-content\/uploads\/2022\/06\/Wolga-1398685-Alex-Gotter-2-1024x683.jpg\" alt=\"Image gallery image\" class=\"wp-image-156\" srcset=\"https:\/\/artemiyshokin.com\/wp-content\/uploads\/2022\/06\/Wolga-1398685-Alex-Gotter-2-1024x683.jpg 1024w, https:\/\/artemiyshokin.com\/wp-content\/uploads\/2022\/06\/Wolga-1398685-Alex-Gotter-2-300x200.jpg 300w, https:\/\/artemiyshokin.com\/wp-content\/uploads\/2022\/06\/Wolga-1398685-Alex-Gotter-2-768x512.jpg 768w, https:\/\/artemiyshokin.com\/wp-content\/uploads\/2022\/06\/Wolga-1398685-Alex-Gotter-2-1536x1024.jpg 1536w, https:\/\/artemiyshokin.com\/wp-content\/uploads\/2022\/06\/Wolga-1398685-Alex-Gotter-2.jpg 2048w\" sizes=\"auto, (max-width: 1024px) 100vw, 1024px\" \/><\/figure>\n\n\n\n<figure class=\"wp-block-image size-large\"><img loading=\"lazy\" decoding=\"async\" width=\"1024\" height=\"683\" data-id=\"157\" src=\"https:\/\/artemiyshokin.com\/wp-content\/uploads\/2022\/06\/Wolga-1399264-Alex-Gotter-1-1024x683.jpg\" alt=\"Image gallery image\" class=\"wp-image-157\" srcset=\"https:\/\/artemiyshokin.com\/wp-content\/uploads\/2022\/06\/Wolga-1399264-Alex-Gotter-1-1024x683.jpg 1024w, https:\/\/artemiyshokin.com\/wp-content\/uploads\/2022\/06\/Wolga-1399264-Alex-Gotter-1-300x200.jpg 300w, https:\/\/artemiyshokin.com\/wp-content\/uploads\/2022\/06\/Wolga-1399264-Alex-Gotter-1-768x512.jpg 768w, https:\/\/artemiyshokin.com\/wp-content\/uploads\/2022\/06\/Wolga-1399264-Alex-Gotter-1-1536x1024.jpg 1536w, https:\/\/artemiyshokin.com\/wp-content\/uploads\/2022\/06\/Wolga-1399264-Alex-Gotter-1.jpg 2048w\" sizes=\"auto, (max-width: 1024px) 100vw, 1024px\" \/><\/figure>\n\n\n\n<figure class=\"wp-block-image size-large\"><img loading=\"lazy\" decoding=\"async\" width=\"1024\" height=\"683\" data-id=\"155\" src=\"https:\/\/artemiyshokin.com\/wp-content\/uploads\/2022\/06\/Wolga-1409404-Alex-Gotter-4-1024x683.jpg\" alt=\"Image gallery image\" class=\"wp-image-155\" srcset=\"https:\/\/artemiyshokin.com\/wp-content\/uploads\/2022\/06\/Wolga-1409404-Alex-Gotter-4-1024x683.jpg 1024w, https:\/\/artemiyshokin.com\/wp-content\/uploads\/2022\/06\/Wolga-1409404-Alex-Gotter-4-300x200.jpg 300w, https:\/\/artemiyshokin.com\/wp-content\/uploads\/2022\/06\/Wolga-1409404-Alex-Gotter-4-768x512.jpg 768w, https:\/\/artemiyshokin.com\/wp-content\/uploads\/2022\/06\/Wolga-1409404-Alex-Gotter-4-1536x1024.jpg 1536w, https:\/\/artemiyshokin.com\/wp-content\/uploads\/2022\/06\/Wolga-1409404-Alex-Gotter-4.jpg 2048w\" sizes=\"auto, (max-width: 1024px) 100vw, 1024px\" \/><\/figure>\n\n\n\n<figure class=\"wp-block-image size-large\"><img loading=\"lazy\" decoding=\"async\" width=\"1024\" height=\"683\" data-id=\"168\" src=\"https:\/\/artemiyshokin.com\/wp-content\/uploads\/2022\/06\/Wolga-1409463-Alex-Gotter-1-1024x683.jpg\" alt=\"\" class=\"wp-image-168\" srcset=\"https:\/\/artemiyshokin.com\/wp-content\/uploads\/2022\/06\/Wolga-1409463-Alex-Gotter-1-1024x683.jpg 1024w, https:\/\/artemiyshokin.com\/wp-content\/uploads\/2022\/06\/Wolga-1409463-Alex-Gotter-1-300x200.jpg 300w, https:\/\/artemiyshokin.com\/wp-content\/uploads\/2022\/06\/Wolga-1409463-Alex-Gotter-1-768x512.jpg 768w, https:\/\/artemiyshokin.com\/wp-content\/uploads\/2022\/06\/Wolga-1409463-Alex-Gotter-1-1536x1024.jpg 1536w, https:\/\/artemiyshokin.com\/wp-content\/uploads\/2022\/06\/Wolga-1409463-Alex-Gotter-1.jpg 2048w\" sizes=\"auto, (max-width: 1024px) 100vw, 1024px\" \/><\/figure>\n<\/figure>","protected":false},"excerpt":{"rendered":"<p>WOLGA<\/p>","protected":false},"author":1,"featured_media":0,"parent":0,"menu_order":1,"comment_status":"closed","ping_status":"closed","template":"","meta":{"_coblocks_attr":"","_coblocks_dimensions":"","_coblocks_responsive_height":"","_coblocks_accordion_ie_support":"","footnotes":""},"class_list":["post-28","page","type-page","status-publish","hentry"],"_links":{"self":[{"href":"https:\/\/artemiyshokin.com\/en\/wp-json\/wp\/v2\/pages\/28","targetHints":{"allow":["GET"]}}],"collection":[{"href":"https:\/\/artemiyshokin.com\/en\/wp-json\/wp\/v2\/pages"}],"about":[{"href":"https:\/\/artemiyshokin.com\/en\/wp-json\/wp\/v2\/types\/page"}],"author":[{"embeddable":true,"href":"https:\/\/artemiyshokin.com\/en\/wp-json\/wp\/v2\/users\/1"}],"replies":[{"embeddable":true,"href":"https:\/\/artemiyshokin.com\/en\/wp-json\/wp\/v2\/comments?post=28"}],"version-history":[{"count":30,"href":"https:\/\/artemiyshokin.com\/en\/wp-json\/wp\/v2\/pages\/28\/revisions"}],"predecessor-version":[{"id":950,"href":"https:\/\/artemiyshokin.com\/en\/wp-json\/wp\/v2\/pages\/28\/revisions\/950"}],"wp:attachment":[{"href":"https:\/\/artemiyshokin.com\/en\/wp-json\/wp\/v2\/media?parent=28"}],"curies":[{"name":"wp","href":"https:\/\/api.w.org\/{rel}","templated":true}]}}